{"id":14608,"date":"2018-03-15T20:08:19","date_gmt":"2018-03-15T20:08:19","guid":{"rendered":"https:\/\/www.fornipavesirimini.it\/news-forni-pavesi-rimini\/"},"modified":"2023-08-09T15:07:26","modified_gmt":"2023-08-09T13:07:26","slug":"les-nouveautes-de-forni-pavesi-rimini","status":"publish","type":"page","link":"https:\/\/www.fornipavesirimini.it\/fr\/les-nouveautes-de-forni-pavesi-rimini\/","title":{"rendered":"Les nouveaut\u00e9s de Forni Pavesi Rimini"},"content":{"rendered":"<h2>Actualit\u00e9s et \u00e9v\u00e9nements sur le monde des fours \u00e0 pizza<\/h2>\n<p>Bienvenue sur notre blog d\u00e9di\u00e9 au monde merveilleux des fours \u00e0 pizza artisanaux et \u00e0 la passion qui entoure la pizza elle-m\u00eame. Ici, nous explorerons l&rsquo;art et la tradition derri\u00e8re la cr\u00e9ation de ces ustensiles de cuisine extraordinaires et nous plongerons dans le d\u00e9licieux univers de la pizza.<\/p>\n<p>Les fours \u00e0 pizza faits \u00e0 la main repr\u00e9sentent une combinaison parfaite d&rsquo;artisanat et de gastronomie. Ce sont des \u0153uvres d&rsquo;art qui allient la ma\u00eetrise des artisans et leur connaissance mill\u00e9naire des secrets de la pizza. Chaque four est fabriqu\u00e9 avec soin et d\u00e9vouement, en utilisant des mat\u00e9riaux de haute qualit\u00e9 qui garantissent une cuisson uniforme et savoureuse.<\/p>\n<p>Bonne lecture&#8230;<\/p>\n","protected":false},"excerpt":{"rendered":"<p>Actualit\u00e9s et \u00e9v\u00e9nements sur le monde des fours \u00e0 pizza Bienvenue sur notre blog d\u00e9di\u00e9 au monde merveilleux des fours \u00e0 pizza artisanaux et \u00e0 la passion qui entoure la pizza elle-m\u00eame. Ici, nous explorerons l&rsquo;art et la tradition derri\u00e8re la cr\u00e9ation de ces ustensiles de cuisine extraordinaires et nous plongerons dans le d\u00e9licieux univers [&hellip;]<\/p>\n","protected":false},"author":1,"featured_media":15960,"parent":0,"menu_order":0,"comment_status":"closed","ping_status":"closed","template":"page-templates\/blog.php","meta":[],"yoast_head":"<!-- This site is optimized with the Yoast SEO plugin v21.7 - https:\/\/yoast.com\/wordpress\/plugins\/seo\/ -->\n<title>Les nouveaut\u00e9s de Forni Pavesi Rimini - Forni Pavesi Rimini<\/title>\n<meta name=\"description\" content=\"Bienvenue sur notre blog d\u00e9di\u00e9 au monde merveilleux des fours \u00e0 pizza artisanaux et \u00e0 la passion qui entoure la pizza elle-m\u00eame.\" \/>\n<meta name=\"robots\" content=\"index, follow, max-snippet:-1, max-image-preview:large, max-video-preview:-1\" \/>\n<link rel=\"canonical\" href=\"https:\/\/www.fornipavesirimini.it\/fr\/les-nouveautes-de-forni-pavesi-rimini\/\" \/>\n<meta property=\"og:locale\" content=\"fr_FR\" \/>\n<meta property=\"og:type\" content=\"article\" \/>\n<meta property=\"og:title\" content=\"Les nouveaut\u00e9s de Forni Pavesi Rimini\" \/>\n<meta property=\"og:description\" content=\"Bienvenue sur notre blog d\u00e9di\u00e9 au monde merveilleux des fours \u00e0 pizza artisanaux et \u00e0 la passion qui entoure la pizza elle-m\u00eame.\" \/>\n<meta property=\"og:url\" content=\"https:\/\/www.fornipavesirimini.it\/fr\/les-nouveautes-de-forni-pavesi-rimini\/\" \/>\n<meta property=\"og:site_name\" content=\"Forni Pavesi Rimini\" \/>\n<meta property=\"article:publisher\" content=\"https:\/\/www.facebook.com\/ForniPavesiRimini\/\" \/>\n<meta property=\"article:modified_time\" content=\"2023-08-09T13:07:26+00:00\" \/>\n<meta property=\"og:image\" content=\"https:\/\/www.fornipavesirimini.it\/wp-content\/uploads\/2023\/05\/Banner02.png\" \/>\n\t<meta property=\"og:image:width\" content=\"1000\" \/>\n\t<meta property=\"og:image:height\" content=\"1000\" \/>\n\t<meta property=\"og:image:type\" content=\"image\/png\" \/>\n<meta name=\"twitter:card\" content=\"summary_large_image\" \/>\n<meta name=\"twitter:title\" content=\"Les nouveaut\u00e9s de Forni Pavesi Rimini\" \/>\n<meta name=\"twitter:description\" content=\"Bienvenue sur notre blog d\u00e9di\u00e9 au monde merveilleux des fours \u00e0 pizza artisanaux et \u00e0 la passion qui entoure la pizza elle-m\u00eame.\" \/>\n<meta name=\"twitter:image\" content=\"https:\/\/www.fornipavesirimini.it\/wp-content\/uploads\/2023\/05\/Banner02.png\" \/>\n<meta name=\"twitter:label1\" content=\"Dur\u00e9e de lecture estim\u00e9e\" \/>\n\t<meta name=\"twitter:data1\" content=\"1 minute\" \/>\n<script type=\"application\/ld+json\" class=\"yoast-schema-graph\">{\"@context\":\"https:\/\/schema.org\",\"@graph\":[{\"@type\":\"WebPage\",\"@id\":\"https:\/\/www.fornipavesirimini.it\/fr\/les-nouveautes-de-forni-pavesi-rimini\/\",\"url\":\"https:\/\/www.fornipavesirimini.it\/fr\/les-nouveautes-de-forni-pavesi-rimini\/\",\"name\":\"Les nouveaut\u00e9s de Forni Pavesi Rimini - Forni Pavesi Rimini\",\"isPartOf\":{\"@id\":\"https:\/\/www.fornipavesirimini.it\/#website\"},\"datePublished\":\"2018-03-15T20:08:19+00:00\",\"dateModified\":\"2023-08-09T13:07:26+00:00\",\"description\":\"Bienvenue sur notre blog d\u00e9di\u00e9 au monde merveilleux des fours \u00e0 pizza artisanaux et \u00e0 la passion qui entoure la pizza elle-m\u00eame.\",\"breadcrumb\":{\"@id\":\"https:\/\/www.fornipavesirimini.it\/fr\/les-nouveautes-de-forni-pavesi-rimini\/#breadcrumb\"},\"inLanguage\":\"fr-FR\",\"potentialAction\":[{\"@type\":\"ReadAction\",\"target\":[\"https:\/\/www.fornipavesirimini.it\/fr\/les-nouveautes-de-forni-pavesi-rimini\/\"]}]},{\"@type\":\"BreadcrumbList\",\"@id\":\"https:\/\/www.fornipavesirimini.it\/fr\/les-nouveautes-de-forni-pavesi-rimini\/#breadcrumb\",\"itemListElement\":[{\"@type\":\"ListItem\",\"position\":1,\"name\":\"Home\",\"item\":\"https:\/\/www.fornipavesirimini.it\/fr\/\"},{\"@type\":\"ListItem\",\"position\":2,\"name\":\"Les nouveaut\u00e9s de Forni Pavesi Rimini\"}]},{\"@type\":\"WebSite\",\"@id\":\"https:\/\/www.fornipavesirimini.it\/#website\",\"url\":\"https:\/\/www.fornipavesirimini.it\/\",\"name\":\"Forni Pavesi Rimini\",\"description\":\"Forni a legna per pizza e pane: forni professionali per pizzerie e panifici\",\"publisher\":{\"@id\":\"https:\/\/www.fornipavesirimini.it\/#organization\"},\"alternateName\":\"Costruzione forni artigianali professionali\",\"potentialAction\":[{\"@type\":\"SearchAction\",\"target\":{\"@type\":\"EntryPoint\",\"urlTemplate\":\"https:\/\/www.fornipavesirimini.it\/?s={search_term_string}\"},\"query-input\":\"required name=search_term_string\"}],\"inLanguage\":\"fr-FR\"},{\"@type\":\"Organization\",\"@id\":\"https:\/\/www.fornipavesirimini.it\/#organization\",\"name\":\"Forni Pavesi Rimini\",\"url\":\"https:\/\/www.fornipavesirimini.it\/\",\"logo\":{\"@type\":\"ImageObject\",\"inLanguage\":\"fr-FR\",\"@id\":\"https:\/\/www.fornipavesirimini.it\/#\/schema\/logo\/image\/\",\"url\":\"https:\/\/www.fornipavesirimini.it\/wp-content\/uploads\/2019\/03\/Logo-forni-pavesi-rimini.png\",\"contentUrl\":\"https:\/\/www.fornipavesirimini.it\/wp-content\/uploads\/2019\/03\/Logo-forni-pavesi-rimini.png\",\"width\":500,\"height\":500,\"caption\":\"Forni Pavesi Rimini\"},\"image\":{\"@id\":\"https:\/\/www.fornipavesirimini.it\/#\/schema\/logo\/image\/\"},\"sameAs\":[\"https:\/\/www.facebook.com\/ForniPavesiRimini\/\",\"https:\/\/www.instagram.com\/fornipavesirimini\/?hl=it\",\"https:\/\/www.linkedin.com\/company\/forni-pavesi-realizza-forni-professionali-su-misura\/?originalSubdomain=it\"]}]}<\/script>\n<!-- \/ Yoast SEO plugin. -->","yoast_head_json":{"title":"Les nouveaut\u00e9s de Forni Pavesi Rimini - Forni Pavesi Rimini","description":"Bienvenue sur notre blog d\u00e9di\u00e9 au monde merveilleux des fours \u00e0 pizza artisanaux et \u00e0 la passion qui entoure la pizza elle-m\u00eame.","robots":{"index":"index","follow":"follow","max-snippet":"max-snippet:-1","max-image-preview":"max-image-preview:large","max-video-preview":"max-video-preview:-1"},"canonical":"https:\/\/www.fornipavesirimini.it\/fr\/les-nouveautes-de-forni-pavesi-rimini\/","og_locale":"fr_FR","og_type":"article","og_title":"Les nouveaut\u00e9s de Forni Pavesi Rimini","og_description":"Bienvenue sur notre blog d\u00e9di\u00e9 au monde merveilleux des fours \u00e0 pizza artisanaux et \u00e0 la passion qui entoure la pizza elle-m\u00eame.","og_url":"https:\/\/www.fornipavesirimini.it\/fr\/les-nouveautes-de-forni-pavesi-rimini\/","og_site_name":"Forni Pavesi Rimini","article_publisher":"https:\/\/www.facebook.com\/ForniPavesiRimini\/","article_modified_time":"2023-08-09T13:07:26+00:00","og_image":[{"width":1000,"height":1000,"url":"https:\/\/www.fornipavesirimini.it\/wp-content\/uploads\/2023\/05\/Banner02.png","type":"image\/png"}],"twitter_card":"summary_large_image","twitter_title":"Les nouveaut\u00e9s de Forni Pavesi Rimini","twitter_description":"Bienvenue sur notre blog d\u00e9di\u00e9 au monde merveilleux des fours \u00e0 pizza artisanaux et \u00e0 la passion qui entoure la pizza elle-m\u00eame.","twitter_image":"https:\/\/www.fornipavesirimini.it\/wp-content\/uploads\/2023\/05\/Banner02.png","twitter_misc":{"Dur\u00e9e de lecture estim\u00e9e":"1 minute"},"schema":{"@context":"https:\/\/schema.org","@graph":[{"@type":"WebPage","@id":"https:\/\/www.fornipavesirimini.it\/fr\/les-nouveautes-de-forni-pavesi-rimini\/","url":"https:\/\/www.fornipavesirimini.it\/fr\/les-nouveautes-de-forni-pavesi-rimini\/","name":"Les nouveaut\u00e9s de Forni Pavesi Rimini - Forni Pavesi Rimini","isPartOf":{"@id":"https:\/\/www.fornipavesirimini.it\/#website"},"datePublished":"2018-03-15T20:08:19+00:00","dateModified":"2023-08-09T13:07:26+00:00","description":"Bienvenue sur notre blog d\u00e9di\u00e9 au monde merveilleux des fours \u00e0 pizza artisanaux et \u00e0 la passion qui entoure la pizza elle-m\u00eame.","breadcrumb":{"@id":"https:\/\/www.fornipavesirimini.it\/fr\/les-nouveautes-de-forni-pavesi-rimini\/#breadcrumb"},"inLanguage":"fr-FR","potentialAction":[{"@type":"ReadAction","target":["https:\/\/www.fornipavesirimini.it\/fr\/les-nouveautes-de-forni-pavesi-rimini\/"]}]},{"@type":"BreadcrumbList","@id":"https:\/\/www.fornipavesirimini.it\/fr\/les-nouveautes-de-forni-pavesi-rimini\/#breadcrumb","itemListElement":[{"@type":"ListItem","position":1,"name":"Home","item":"https:\/\/www.fornipavesirimini.it\/fr\/"},{"@type":"ListItem","position":2,"name":"Les nouveaut\u00e9s de Forni Pavesi Rimini"}]},{"@type":"WebSite","@id":"https:\/\/www.fornipavesirimini.it\/#website","url":"https:\/\/www.fornipavesirimini.it\/","name":"Forni Pavesi Rimini","description":"Forni a legna per pizza e pane: forni professionali per pizzerie e panifici","publisher":{"@id":"https:\/\/www.fornipavesirimini.it\/#organization"},"alternateName":"Costruzione forni artigianali professionali","potentialAction":[{"@type":"SearchAction","target":{"@type":"EntryPoint","urlTemplate":"https:\/\/www.fornipavesirimini.it\/?s={search_term_string}"},"query-input":"required name=search_term_string"}],"inLanguage":"fr-FR"},{"@type":"Organization","@id":"https:\/\/www.fornipavesirimini.it\/#organization","name":"Forni Pavesi Rimini","url":"https:\/\/www.fornipavesirimini.it\/","logo":{"@type":"ImageObject","inLanguage":"fr-FR","@id":"https:\/\/www.fornipavesirimini.it\/#\/schema\/logo\/image\/","url":"https:\/\/www.fornipavesirimini.it\/wp-content\/uploads\/2019\/03\/Logo-forni-pavesi-rimini.png","contentUrl":"https:\/\/www.fornipavesirimini.it\/wp-content\/uploads\/2019\/03\/Logo-forni-pavesi-rimini.png","width":500,"height":500,"caption":"Forni Pavesi Rimini"},"image":{"@id":"https:\/\/www.fornipavesirimini.it\/#\/schema\/logo\/image\/"},"sameAs":["https:\/\/www.facebook.com\/ForniPavesiRimini\/","https:\/\/www.instagram.com\/fornipavesirimini\/?hl=it","https:\/\/www.linkedin.com\/company\/forni-pavesi-realizza-forni-professionali-su-misura\/?originalSubdomain=it"]}]}},"_links":{"self":[{"href":"https:\/\/www.fornipavesirimini.it\/fr\/wp-json\/wp\/v2\/pages\/14608"}],"collection":[{"href":"https:\/\/www.fornipavesirimini.it\/fr\/wp-json\/wp\/v2\/pages"}],"about":[{"href":"https:\/\/www.fornipavesirimini.it\/fr\/wp-json\/wp\/v2\/types\/page"}],"author":[{"embeddable":true,"href":"https:\/\/www.fornipavesirimini.it\/fr\/wp-json\/wp\/v2\/users\/1"}],"replies":[{"embeddable":true,"href":"https:\/\/www.fornipavesirimini.it\/fr\/wp-json\/wp\/v2\/comments?post=14608"}],"version-history":[{"count":0,"href":"https:\/\/www.fornipavesirimini.it\/fr\/wp-json\/wp\/v2\/pages\/14608\/revisions"}],"wp:featuredmedia":[{"embeddable":true,"href":"https:\/\/www.fornipavesirimini.it\/fr\/wp-json\/wp\/v2\/media\/15960"}],"wp:attachment":[{"href":"https:\/\/www.fornipavesirimini.it\/fr\/wp-json\/wp\/v2\/media?parent=14608"}],"curies":[{"name":"wp","href":"https:\/\/api.w.org\/{rel}","templated":true}]}}